{"id":2938,"date":"2020-10-12T14:54:34","date_gmt":"2020-10-12T12:54:34","guid":{"rendered":"http:\/\/dev.piscines-anca.fr\/?page_id=2938"},"modified":"2023-09-11T14:45:48","modified_gmt":"2023-09-11T12:45:48","slug":"well-being-services-swimmingpool-libourne","status":"publish","type":"page","link":"https:\/\/www.piscines-anca.fr\/en\/well-being-services-swimmingpool-libourne\/","title":{"rendered":"Well-being services"},"content":{"rendered":"<p>[et_pb_section fb_built=&#8221;1&#8243; _builder_version=&#8221;4.16&#8243; _module_preset=&#8221;default&#8221; background_color=&#8221;rgba(0,0,0,0)&#8221; background_image=&#8221;https:\/\/www.piscines-anca.fr\/wp-content\/uploads\/2020\/11\/services-bien-etre-anca.jpg&#8221; parallax=&#8221;on&#8221; parallax_method=&#8221;off&#8221; width=&#8221;100%&#8221; max_width=&#8221;100%&#8221; module_alignment=&#8221;center&#8221; top_divider_color=&#8221;rgba(0,0,0,0)&#8221; top_divider_height=&#8221;404px&#8221; top_divider_flip=&#8221;horizontal&#8221; bottom_divider_color=&#8221;rgba(0,0,0,0)&#8221; bottom_divider_height=&#8221;350px&#8221; bottom_divider_arrangement=&#8221;above_content&#8221; scroll_vertical_motion=&#8221;17|43|43|100|4|0|-4&#8243; background_last_edited=&#8221;on|phone&#8221; parallax_tablet=&#8221;off&#8221; parallax_phone=&#8221;off&#8221; background_size_tablet=&#8221;contain&#8221; background_size_phone=&#8221;contain&#8221; background_position_phone=&#8221;top_left&#8221; global_colors_info=&#8221;{}&#8221; background__hover_enabled=&#8221;off|desktop&#8221;][et_pb_row _builder_version=&#8221;4.16&#8243; _module_preset=&#8221;default&#8221; module_alignment=&#8221;center&#8221; custom_margin=&#8221;0px|0px|0px|0px|false|false&#8221; custom_padding=&#8221;0px|0px|0px|0px|false|false&#8221; global_colors_info=&#8221;{}&#8221;][et_pb_column type=&#8221;4_4&#8243; _builder_version=&#8221;4.16&#8243; _module_preset=&#8221;default&#8221; global_colors_info=&#8221;{}&#8221;][et_pb_post_title meta=&#8221;off&#8221; featured_image=&#8221;off&#8221; _builder_version=&#8221;4.22.1&#8243; _module_preset=&#8221;default&#8221; title_font=&#8221;Croissant One||||||||&#8221; title_text_align=&#8221;right&#8221; title_text_color=&#8221;#134D62&#8243; title_font_size=&#8221;36px&#8221; custom_margin=&#8221;|||80px|false|false&#8221; global_colors_info=&#8221;{}&#8221;][\/et_pb_post_title][\/et_pb_column][\/et_pb_row][et_pb_row _builder_version=&#8221;4.16&#8243; _module_preset=&#8221;default&#8221; global_colors_info=&#8221;{}&#8221;][et_pb_column type=&#8221;4_4&#8243; _builder_version=&#8221;4.16&#8243; _module_preset=&#8221;default&#8221; background_color=&#8221;rgba(0,0,0,0)&#8221; global_colors_info=&#8221;{}&#8221;][et_pb_text _builder_version=&#8221;4.16&#8243; _module_preset=&#8221;default&#8221; text_font=&#8221;Arial||||||||&#8221; text_text_color=&#8221;#ffffff&#8221; text_font_size=&#8221;16px&#8221; text_line_height=&#8221;1.2em&#8221; background_color=&#8221;#2fb3c6&#8243; text_orientation=&#8221;center&#8221; width=&#8221;34%&#8221; width_tablet=&#8221;55%&#8221; width_phone=&#8221;100%&#8221; width_last_edited=&#8221;on|phone&#8221; max_width=&#8221;100%&#8221; module_alignment=&#8221;right&#8221; custom_margin=&#8221;0px|0px|0px|0px|false|false&#8221; custom_padding=&#8221;5%|5%|5%|5%|false|false&#8221; animation_style=&#8221;zoom&#8221; scroll_vertical_motion=&#8221;0|76|76|100|4|0|-4&#8243; scroll_horizontal_motion=&#8221;49|73|73|86|4|0|-4&#8243; scroll_fade=&#8221;0|35|35|59|0|100|100&#8243; global_colors_info=&#8221;{}&#8221;]<\/p>\n<p><span>Piscines\u00a0ANCA, your\u00a0pool specialist\u00a0in\u00a0Libourne, offers you to rent its services,\u00a0punctually\u00a0or throughout the year, <strong>to maintain your relaxation\u00a0device<\/strong>:\u00a0your spa, your sauna, or your hammam. We\u00a0can\u00a0ensure the maintenance of all your home equipment.<\/span><span>\u00a0<\/span><\/p>\n<p>[\/et_pb_text][\/et_pb_column][\/et_pb_row][et_pb_row column_structure=&#8221;1_3,1_3,1_3&#8243; _builder_version=&#8221;4.16&#8243; _module_preset=&#8221;default&#8221; module_alignment=&#8221;center&#8221; custom_margin=&#8221;0px|0px|0px|0px|false|false&#8221; custom_padding=&#8221;0px|0px|0px|0px|false|false&#8221; animation_style=&#8221;zoom&#8221; animation_delay=&#8221;250ms&#8221; global_colors_info=&#8221;{}&#8221;][et_pb_column type=&#8221;1_3&#8243; _builder_version=&#8221;4.16&#8243; _module_preset=&#8221;default&#8221; background_color=&#8221;#ffffff&#8221; custom_padding=&#8221;3%|3%|3%|3%|false|false&#8221; box_shadow_style=&#8221;preset2&#8243; box_shadow_horizontal=&#8221;3px&#8221; box_shadow_vertical=&#8221;3px&#8221; box_shadow_blur=&#8221;47px&#8221; box_shadow_spread=&#8221;-20px&#8221; box_shadow_color=&#8221;#33818c&#8221; global_colors_info=&#8221;{}&#8221;][et_pb_text _builder_version=&#8221;4.22.1&#8243; _module_preset=&#8221;default&#8221; text_font=&#8221;Croissant One||||||||&#8221; header_font=&#8221;Croissant One||||||||&#8221; header_text_color=&#8221;#33818C&#8221; header_2_font=&#8221;Croissant One||||||||&#8221; header_2_text_color=&#8221;#33818C&#8221; header_2_font_size=&#8221;24px&#8221; header_2_line_height=&#8221;1.2em&#8221; header_3_font=&#8221;Croissant One||||||||&#8221; header_3_font_size=&#8221;24px&#8221; header_3_line_height=&#8221;1.2em&#8221; text_orientation=&#8221;center&#8221; custom_margin=&#8221;0px||0px||false|false&#8221; custom_padding=&#8221;0px||0px||false|false&#8221; global_colors_info=&#8221;{}&#8221;]<\/p>\n<h2>Follow-up and maintenance<\/h2>\n<p>[\/et_pb_text][et_pb_text _builder_version=&#8221;4.16&#8243; _module_preset=&#8221;default&#8221; text_text_color=&#8221;#000000&#8243; text_font_size=&#8221;15px&#8221; text_line_height=&#8221;1.1em&#8221; text_orientation=&#8221;center&#8221; global_colors_info=&#8221;{}&#8221;]<\/p>\n<p><span>To accompany you in the best way, <strong>we can follow your equipment<\/strong>. To do this, choose the formula that best suits you. Contact us directly for a personalized study.<\/span><span>\u00a0<\/span><strong><\/strong><\/p>\n<p>[\/et_pb_text][et_pb_image src=&#8221;https:\/\/www.piscines-anca.fr\/wp-content\/uploads\/2021\/02\/piscines-anca-libourne-suivi-entretien-spa1-scaled.jpg&#8221; alt=&#8221;Entretien du spa&#8221; title_text=&#8221;piscines-anca-libourne-suivi-entretien-spa1&#8243; _builder_version=&#8221;4.16&#8243; _module_preset=&#8221;default&#8221; global_colors_info=&#8221;{}&#8221;][\/et_pb_image][\/et_pb_column][et_pb_column type=&#8221;1_3&#8243; _builder_version=&#8221;4.16&#8243; _module_preset=&#8221;default&#8221; background_color=&#8221;#ffffff&#8221; custom_padding=&#8221;3%|3%|3%|3%|false|false&#8221; box_shadow_style=&#8221;preset2&#8243; box_shadow_horizontal=&#8221;3px&#8221; box_shadow_vertical=&#8221;3px&#8221; box_shadow_blur=&#8221;47px&#8221; box_shadow_spread=&#8221;-20px&#8221; box_shadow_color=&#8221;#33818c&#8221; global_colors_info=&#8221;{}&#8221;][et_pb_text _builder_version=&#8221;4.22.1&#8243; _module_preset=&#8221;default&#8221; text_font=&#8221;Croissant One||||||||&#8221; header_font=&#8221;Croissant One||||||||&#8221; header_2_font=&#8221;Croissant One||||||||&#8221; header_2_text_color=&#8221;#33818C&#8221; header_2_font_size=&#8221;24px&#8221; header_2_line_height=&#8221;1.2em&#8221; header_3_font=&#8221;Croissant One||||||||&#8221; header_3_font_size=&#8221;24px&#8221; header_3_line_height=&#8221;1.2em&#8221; text_orientation=&#8221;center&#8221; custom_margin=&#8221;0px||0px||false|false&#8221; custom_padding=&#8221;0px||0px||false|false&#8221; global_colors_info=&#8221;{}&#8221;]<\/p>\n<h2>Assistance and troubleshooting<\/h2>\n<p>[\/et_pb_text][et_pb_text _builder_version=&#8221;4.16&#8243; _module_preset=&#8221;default&#8221; text_text_color=&#8221;#000000&#8243; text_font_size=&#8221;15px&#8221; text_line_height=&#8221;1.1em&#8221; text_orientation=&#8221;center&#8221; global_colors_info=&#8221;{}&#8221;]<\/p>\n<p><span>Thanks to a 100% autonomous\u00a0and trained team, our technicians intervene at your home <strong>to make all the assistance operations, troubleshooting and after-sales service<\/strong>.\u00a0<\/span><span>\u00a0<\/span><\/p>\n<p>[\/et_pb_text][\/et_pb_column][et_pb_column type=&#8221;1_3&#8243; _builder_version=&#8221;4.16&#8243; _module_preset=&#8221;default&#8221; background_color=&#8221;#ffffff&#8221; custom_padding=&#8221;3%|3%|3%|3%|false|false&#8221; box_shadow_style=&#8221;preset2&#8243; box_shadow_horizontal=&#8221;3px&#8221; box_shadow_vertical=&#8221;3px&#8221; box_shadow_blur=&#8221;47px&#8221; box_shadow_spread=&#8221;-20px&#8221; box_shadow_color=&#8221;#33818c&#8221; global_colors_info=&#8221;{}&#8221;][et_pb_text _builder_version=&#8221;4.22.1&#8243; _module_preset=&#8221;default&#8221; text_font=&#8221;Croissant One||||||||&#8221; header_font=&#8221;Croissant One||||||||&#8221; header_2_font=&#8221;Croissant One||||||||&#8221; header_2_text_color=&#8221;#33818C&#8221; header_2_font_size=&#8221;24px&#8221; header_2_line_height=&#8221;1.2em&#8221; header_3_font=&#8221;Croissant One||||||||&#8221; header_3_font_size=&#8221;24px&#8221; header_3_line_height=&#8221;1.2em&#8221; text_orientation=&#8221;center&#8221; custom_margin=&#8221;0px||0px||false|false&#8221; custom_padding=&#8221;0px||0px||false|false&#8221; global_colors_info=&#8221;{}&#8221;]<\/p>\n<h2>Formation<\/h2>\n<p>[\/et_pb_text][et_pb_text _builder_version=&#8221;4.16&#8243; _module_preset=&#8221;default&#8221; text_text_color=&#8221;#000000&#8243; text_font_size=&#8221;15px&#8221; text_line_height=&#8221;1.1em&#8221; text_orientation=&#8221;center&#8221; global_colors_info=&#8221;{}&#8221;]<\/p>\n<p><span><strong>To\u00a0make you completely autonomous\u00a0with\u00a0the maintenance of your equipment<\/strong>, we can accompany you in different training courses. A technician can go to your house and guide you step by step.<\/span><span>\u00a0<\/span><\/p>\n<p>[\/et_pb_text][\/et_pb_column][\/et_pb_row][\/et_pb_section]<\/p>\n","protected":false},"excerpt":{"rendered":"<p>Piscines\u00a0ANCA, your\u00a0pool specialist\u00a0in\u00a0Libourne, offers you to rent its services,\u00a0punctually\u00a0or throughout the year, to maintain your relaxation\u00a0device:\u00a0your spa, your sauna, or your hammam. We\u00a0can\u00a0ensure the maintenance of all your home equipment.\u00a0Follow-up and maintenanceTo accompany you in the best way, we can follow your equipment. To do this, choose the formula that best suits you. Contact us [&hellip;]<\/p>\n","protected":false},"author":1,"featured_media":0,"parent":0,"menu_order":0,"comment_status":"closed","ping_status":"closed","template":"","meta":{"_et_pb_use_builder":"on","_et_pb_old_content":"","_et_gb_content_width":"","footnotes":""},"yoast_head":"<!-- This site is optimized with the Yoast SEO plugin v22.5 - https:\/\/yoast.com\/wordpress\/plugins\/seo\/ -->\n<title>Entretien de spa \u00e0 Libourne - Maintenance et d\u00e9pannage - Piscines Anca<\/title>\n<meta name=\"description\" content=\"Pour un entretien de spa \u00e0 Libourne, allouez-vous les services de maintenance et d\u00e9pannage de votre magasin de piscine ; c&#039;est possible !\" \/>\n<meta name=\"robots\" content=\"index, follow, max-snippet:-1, max-image-preview:large, max-video-preview:-1\" \/>\n<link rel=\"canonical\" href=\"https:\/\/www.piscines-anca.fr\/en\/well-being-services-swimmingpool-libourne\/\" \/>\n<meta property=\"og:locale\" content=\"en_US\" \/>\n<meta property=\"og:type\" content=\"article\" \/>\n<meta property=\"og:title\" content=\"Entretien de spa \u00e0 Libourne - Maintenance et d\u00e9pannage - Piscines Anca\" \/>\n<meta property=\"og:description\" content=\"Pour un entretien de spa \u00e0 Libourne, allouez-vous les services de maintenance et d\u00e9pannage de votre magasin de piscine ; c&#039;est possible !\" \/>\n<meta property=\"og:url\" content=\"https:\/\/www.piscines-anca.fr\/en\/well-being-services-swimmingpool-libourne\/\" \/>\n<meta property=\"og:site_name\" content=\"Piscines Anca\" \/>\n<meta property=\"article:publisher\" content=\"https:\/\/www.facebook.com\/piscinesanca\/\" \/>\n<meta property=\"article:modified_time\" content=\"2023-09-11T12:45:48+00:00\" \/>\n<meta name=\"twitter:card\" content=\"summary_large_image\" \/>\n<meta name=\"twitter:label1\" content=\"Est. reading time\" \/>\n\t<meta name=\"twitter:data1\" content=\"2 minutes\" \/>\n<script type=\"application\/ld+json\" class=\"yoast-schema-graph\">{\"@context\":\"https:\/\/schema.org\",\"@graph\":[{\"@type\":\"WebPage\",\"@id\":\"https:\/\/www.piscines-anca.fr\/en\/well-being-services-swimmingpool-libourne\/\",\"url\":\"https:\/\/www.piscines-anca.fr\/en\/well-being-services-swimmingpool-libourne\/\",\"name\":\"Entretien de spa \u00e0 Libourne - Maintenance et d\u00e9pannage - Piscines Anca\",\"isPartOf\":{\"@id\":\"https:\/\/www.piscines-anca.fr\/en\/#website\"},\"datePublished\":\"2020-10-12T12:54:34+00:00\",\"dateModified\":\"2023-09-11T12:45:48+00:00\",\"description\":\"Pour un entretien de spa \u00e0 Libourne, allouez-vous les services de maintenance et d\u00e9pannage de votre magasin de piscine ; c'est possible !\",\"breadcrumb\":{\"@id\":\"https:\/\/www.piscines-anca.fr\/en\/well-being-services-swimmingpool-libourne\/#breadcrumb\"},\"inLanguage\":\"en-US\",\"potentialAction\":[{\"@type\":\"ReadAction\",\"target\":[\"https:\/\/www.piscines-anca.fr\/en\/well-being-services-swimmingpool-libourne\/\"]}]},{\"@type\":\"BreadcrumbList\",\"@id\":\"https:\/\/www.piscines-anca.fr\/en\/well-being-services-swimmingpool-libourne\/#breadcrumb\",\"itemListElement\":[{\"@type\":\"ListItem\",\"position\":1,\"name\":\"Accueil\",\"item\":\"https:\/\/www.piscines-anca.fr\/en\/\"},{\"@type\":\"ListItem\",\"position\":2,\"name\":\"Well-being services\"}]},{\"@type\":\"WebSite\",\"@id\":\"https:\/\/www.piscines-anca.fr\/en\/#website\",\"url\":\"https:\/\/www.piscines-anca.fr\/en\/\",\"name\":\"Piscines Anca\",\"description\":\"Membres du r\u00e9seau PISCINES HydroSud\",\"publisher\":{\"@id\":\"https:\/\/www.piscines-anca.fr\/en\/#organization\"},\"potentialAction\":[{\"@type\":\"SearchAction\",\"target\":{\"@type\":\"EntryPoint\",\"urlTemplate\":\"https:\/\/www.piscines-anca.fr\/en\/?s={search_term_string}\"},\"query-input\":\"required name=search_term_string\"}],\"inLanguage\":\"en-US\"},{\"@type\":\"Organization\",\"@id\":\"https:\/\/www.piscines-anca.fr\/en\/#organization\",\"name\":\"Piscines Anca - Piscines HydroSud Libourne\",\"url\":\"https:\/\/www.piscines-anca.fr\/en\/\",\"logo\":{\"@type\":\"ImageObject\",\"inLanguage\":\"en-US\",\"@id\":\"https:\/\/www.piscines-anca.fr\/en\/#\/schema\/logo\/image\/\",\"url\":\"https:\/\/www.piscines-anca.fr\/wp-content\/uploads\/2020\/10\/logo-piscines-anca-header.svg\",\"contentUrl\":\"https:\/\/www.piscines-anca.fr\/wp-content\/uploads\/2020\/10\/logo-piscines-anca-header.svg\",\"width\":604,\"height\":235,\"caption\":\"Piscines Anca - Piscines HydroSud Libourne\"},\"image\":{\"@id\":\"https:\/\/www.piscines-anca.fr\/en\/#\/schema\/logo\/image\/\"},\"sameAs\":[\"https:\/\/www.facebook.com\/piscinesanca\/\",\"https:\/\/www.instagram.com\/piscinesanca\/\"]}]}<\/script>\n<!-- \/ Yoast SEO plugin. -->","yoast_head_json":{"title":"Entretien de spa \u00e0 Libourne - Maintenance et d\u00e9pannage - Piscines Anca","description":"Pour un entretien de spa \u00e0 Libourne, allouez-vous les services de maintenance et d\u00e9pannage de votre magasin de piscine ; c'est possible !","robots":{"index":"index","follow":"follow","max-snippet":"max-snippet:-1","max-image-preview":"max-image-preview:large","max-video-preview":"max-video-preview:-1"},"canonical":"https:\/\/www.piscines-anca.fr\/en\/well-being-services-swimmingpool-libourne\/","og_locale":"en_US","og_type":"article","og_title":"Entretien de spa \u00e0 Libourne - Maintenance et d\u00e9pannage - Piscines Anca","og_description":"Pour un entretien de spa \u00e0 Libourne, allouez-vous les services de maintenance et d\u00e9pannage de votre magasin de piscine ; c'est possible !","og_url":"https:\/\/www.piscines-anca.fr\/en\/well-being-services-swimmingpool-libourne\/","og_site_name":"Piscines Anca","article_publisher":"https:\/\/www.facebook.com\/piscinesanca\/","article_modified_time":"2023-09-11T12:45:48+00:00","twitter_card":"summary_large_image","twitter_misc":{"Est. reading time":"2 minutes"},"schema":{"@context":"https:\/\/schema.org","@graph":[{"@type":"WebPage","@id":"https:\/\/www.piscines-anca.fr\/en\/well-being-services-swimmingpool-libourne\/","url":"https:\/\/www.piscines-anca.fr\/en\/well-being-services-swimmingpool-libourne\/","name":"Entretien de spa \u00e0 Libourne - Maintenance et d\u00e9pannage - Piscines Anca","isPartOf":{"@id":"https:\/\/www.piscines-anca.fr\/en\/#website"},"datePublished":"2020-10-12T12:54:34+00:00","dateModified":"2023-09-11T12:45:48+00:00","description":"Pour un entretien de spa \u00e0 Libourne, allouez-vous les services de maintenance et d\u00e9pannage de votre magasin de piscine ; c'est possible !","breadcrumb":{"@id":"https:\/\/www.piscines-anca.fr\/en\/well-being-services-swimmingpool-libourne\/#breadcrumb"},"inLanguage":"en-US","potentialAction":[{"@type":"ReadAction","target":["https:\/\/www.piscines-anca.fr\/en\/well-being-services-swimmingpool-libourne\/"]}]},{"@type":"BreadcrumbList","@id":"https:\/\/www.piscines-anca.fr\/en\/well-being-services-swimmingpool-libourne\/#breadcrumb","itemListElement":[{"@type":"ListItem","position":1,"name":"Accueil","item":"https:\/\/www.piscines-anca.fr\/en\/"},{"@type":"ListItem","position":2,"name":"Well-being services"}]},{"@type":"WebSite","@id":"https:\/\/www.piscines-anca.fr\/en\/#website","url":"https:\/\/www.piscines-anca.fr\/en\/","name":"Piscines Anca","description":"Membres du r\u00e9seau PISCINES HydroSud","publisher":{"@id":"https:\/\/www.piscines-anca.fr\/en\/#organization"},"potentialAction":[{"@type":"SearchAction","target":{"@type":"EntryPoint","urlTemplate":"https:\/\/www.piscines-anca.fr\/en\/?s={search_term_string}"},"query-input":"required name=search_term_string"}],"inLanguage":"en-US"},{"@type":"Organization","@id":"https:\/\/www.piscines-anca.fr\/en\/#organization","name":"Piscines Anca - Piscines HydroSud Libourne","url":"https:\/\/www.piscines-anca.fr\/en\/","logo":{"@type":"ImageObject","inLanguage":"en-US","@id":"https:\/\/www.piscines-anca.fr\/en\/#\/schema\/logo\/image\/","url":"https:\/\/www.piscines-anca.fr\/wp-content\/uploads\/2020\/10\/logo-piscines-anca-header.svg","contentUrl":"https:\/\/www.piscines-anca.fr\/wp-content\/uploads\/2020\/10\/logo-piscines-anca-header.svg","width":604,"height":235,"caption":"Piscines Anca - Piscines HydroSud Libourne"},"image":{"@id":"https:\/\/www.piscines-anca.fr\/en\/#\/schema\/logo\/image\/"},"sameAs":["https:\/\/www.facebook.com\/piscinesanca\/","https:\/\/www.instagram.com\/piscinesanca\/"]}]}},"_links":{"self":[{"href":"https:\/\/www.piscines-anca.fr\/en\/wp-json\/wp\/v2\/pages\/2938"}],"collection":[{"href":"https:\/\/www.piscines-anca.fr\/en\/wp-json\/wp\/v2\/pages"}],"about":[{"href":"https:\/\/www.piscines-anca.fr\/en\/wp-json\/wp\/v2\/types\/page"}],"author":[{"embeddable":true,"href":"https:\/\/www.piscines-anca.fr\/en\/wp-json\/wp\/v2\/users\/1"}],"replies":[{"embeddable":true,"href":"https:\/\/www.piscines-anca.fr\/en\/wp-json\/wp\/v2\/comments?post=2938"}],"version-history":[{"count":17,"href":"https:\/\/www.piscines-anca.fr\/en\/wp-json\/wp\/v2\/pages\/2938\/revisions"}],"predecessor-version":[{"id":3970,"href":"https:\/\/www.piscines-anca.fr\/en\/wp-json\/wp\/v2\/pages\/2938\/revisions\/3970"}],"wp:attachment":[{"href":"https:\/\/www.piscines-anca.fr\/en\/wp-json\/wp\/v2\/media?parent=2938"}],"curies":[{"name":"wp","href":"https:\/\/api.w.org\/{rel}","templated":true}]}}